{"id":2,"date":"2020-12-27T15:50:38","date_gmt":"2020-12-27T14:50:38","guid":{"rendered":"http:\/\/field-good.org\/?page_id=2"},"modified":"2021-01-23T12:29:57","modified_gmt":"2021-01-23T11:29:57","slug":"a-propos","status":"publish","type":"page","link":"https:\/\/field-good.org\/index.php\/a-propos\/","title":{"rendered":"A propos de FieldGood"},"content":{"rendered":"\n<div class=\"wp-block-columns alignfull\">\n<div class=\"wp-block-column\">\n<div class=\"wp-block-columns\">\n<div class=\"wp-block-column\" style=\"flex-basis:66.66%\">\n<p>FieldGood asbl a pour buts de:<\/p>\n\n\n\n<ul><li>promouvoir, sensibiliser et former diff\u00e9rents publics au sujet des modes d\u2019alimentation sains et durables;<\/li><li>favoriser les projets visant la production durable, l\u2019alimentation durable et la souverainet\u00e9 alimentaire, localement et internationalement;<\/li><li>penser, tester et impl\u00e9menter des alternatives au mod\u00e8le alimentaire existant, \u00e0 notre \u00e9chelle&nbsp;;<\/li><li>contribuer \u00e0 la recherche action sur les pratiques culturales&nbsp;;<\/li><li>transmettre des savoirs, savoir-faire et savoir-\u00eatre, notamment&nbsp;:<ul><li>li\u00e9s \u00e0 l\u2019alimentation et aux modes de pr\u00e9paration alimentaires&nbsp;;<\/li><\/ul><ul><li>li\u00e9s aux modes de cultures agricoles&nbsp;;<\/li><\/ul><ul><li>li\u00e9s \u00e0 l\u2019\u00e9ducation citoyenne et aux enjeux Nord-Sud&nbsp;;<\/li><\/ul><ul><li>li\u00e9s \u00e0 tous les domaines permettant la transition vers une soci\u00e9t\u00e9 durable&nbsp;(circuits courts, z\u00e9ro-d\u00e9chet, participation citoyenne\u2026) ;<\/li><\/ul><\/li><li>cr\u00e9er des liens sociaux favorisant les autres buts de l\u2019association en permettant le bien-\u00eatre relationnel au service des autres, de l\u2019environnement et de soi. Ces liens sociaux sont \u00e0 comprendre au sens large&nbsp;: de liens interindividuels aux liens collectifs, de liens informels aux liens institutionnels. Ces liens sont non-exclusifs, inter-culturels, \u00e0 travers les g\u00e9n\u00e9rations et les genres et accessibles \u00e0 diff\u00e9rents publics&nbsp;;<\/li><\/ul>\n<\/div>\n\n\n\n<div class=\"wp-block-column\" style=\"flex-basis:33.33%\">\n<figure class=\"wp-block-image alignfull size-large\"><img loading=\"lazy\" width=\"1024\" height=\"640\" src=\"http:\/\/field-good.org\/wp-content\/uploads\/2020\/12\/champ-ete-2019-2-edited-1024x640.jpg\" alt=\"\" class=\"wp-image-184\" srcset=\"https:\/\/field-good.org\/wp-content\/uploads\/2020\/12\/champ-ete-2019-2-edited-1024x640.jpg 1024w, https:\/\/field-good.org\/wp-content\/uploads\/2020\/12\/champ-ete-2019-2-edited-300x187.jpg 300w, https:\/\/field-good.org\/wp-content\/uploads\/2020\/12\/champ-ete-2019-2-edited-768x480.jpg 768w, https:\/\/field-good.org\/wp-content\/uploads\/2020\/12\/champ-ete-2019-2-edited-1536x960.jpg 1536w, https:\/\/field-good.org\/wp-content\/uploads\/2020\/12\/champ-ete-2019-2-edited-2048x1279.jpg 2048w, https:\/\/field-good.org\/wp-content\/uploads\/2020\/12\/champ-ete-2019-2-edited-1200x750.jpg 1200w, https:\/\/field-good.org\/wp-content\/uploads\/2020\/12\/champ-ete-2019-2-edited-1980x1237.jpg 1980w\" sizes=\"(max-width: 1024px) 100vw, 1024px\" \/><\/figure>\n<\/div>\n<\/div>\n<\/div>\n<\/div>\n\n\n\n<div class=\"wp-block-columns alignfull\">\n<div class=\"wp-block-column\">\n<p>Elle poursuit la r\u00e9alisation de ces buts par, notamment et de fa\u00e7on non exhaustive :<\/p>\n\n\n\n<ul><li>des formations, ateliers, missions d\u2019\u00e9changes de savoirs, savoir-faire, savoir-\u00eatre localement et internationalement&nbsp;;<\/li><li>l\u2019offre et\/ou l\u2019organisation d\u2019exp\u00e9rimentation des modes et pratiques culturales agricoles durables pour les publics cibles&nbsp;;<\/li><li>l\u2019offre et\/ou l\u2019organisation d\u2019exp\u00e9rimentation des pratiques culinaires pour les publics cibles&nbsp;;<\/li><li>l\u2019offre et\/ou l\u2019organisation de moments d\u2019\u00e9changes entre publics cibles, que ce soit via des conf\u00e9rences, d\u00e9bats, forums ouverts ou des formes d\u2019\u00e9changes artistiques telles que th\u00e9\u00e2trales, musicales ou plastiques&nbsp;ou toute autre forme permettant l\u2019\u00e9change et la compr\u00e9hension mutuelle;<\/li><li>la promotion de la production agricole de proximit\u00e9 et les circuits alimentaires courts&nbsp;;<\/li><li>des \u00e9v\u00e9nements ponctuels visant \u00e0 la promotion des buts de l\u2019association&nbsp;;<\/li><li>le d\u00e9veloppement de synergies avec d\u2019autres acteurs de formation et sensibilisation \u00e0 la culture agricole et de projets li\u00e9s \u00e0 l\u2019alimentation et \u00e0 la transition \u00e9cologique.<\/li><\/ul>\n<\/div>\n<\/div>\n\n\n\n<hr class=\"wp-block-separator\"\/>\n\n\n\n<p class=\"has-primary-color has-text-color\" style=\"font-size:12px\">FieldGood asbl Association Sans But Lucratif <\/p>\n\n\n\n<p class=\"has-primary-color has-text-color\" style=\"font-size:12px\"> Rue Stijn Streuvels 35, 1030 Bruxelles, Belgique  |  <a rel=\"noreferrer noopener\" href=\"mailto:contact@field-good.org\" target=\"_blank\"><em><span class=\"has-inline-color has-primary-color\">contact@field-good.org<\/span><\/em><\/a><\/p>\n\n\n\n<p class=\"has-primary-color has-text-color\" style=\"font-size:12px\">TVA: BE0751619346&nbsp; |  Tribunal francophone de l&#8217;entreprise de Bruxelles, Bvd de Waterloo 70, 1000 Bruxelles&nbsp;<\/p>\n","protected":false},"excerpt":{"rendered":"<p>Elle poursuit la r\u00e9alisation de ces buts par, notamment et de fa\u00e7on non exhaustive : des formations, ateliers, missions d\u2019\u00e9changes de savoirs, savoir-faire, savoir-\u00eatre localement et internationalement&nbsp;; l\u2019offre et\/ou l\u2019organisation d\u2019exp\u00e9rimentation des modes et pratiques culturales agricoles durables pour les publics cibles&nbsp;; l\u2019offre et\/ou l\u2019organisation d\u2019exp\u00e9rimentation des pratiques culinaires pour les publics cibles&nbsp;; l\u2019offre et\/ou [&hellip;]<\/p>\n","protected":false},"author":1,"featured_media":0,"parent":0,"menu_order":0,"comment_status":"closed","ping_status":"open","template":"","meta":[],"_links":{"self":[{"href":"https:\/\/field-good.org\/index.php\/wp-json\/wp\/v2\/pages\/2"}],"collection":[{"href":"https:\/\/field-good.org\/index.php\/wp-json\/wp\/v2\/pages"}],"about":[{"href":"https:\/\/field-good.org\/index.php\/wp-json\/wp\/v2\/types\/page"}],"author":[{"embeddable":true,"href":"https:\/\/field-good.org\/index.php\/wp-json\/wp\/v2\/users\/1"}],"replies":[{"embeddable":true,"href":"https:\/\/field-good.org\/index.php\/wp-json\/wp\/v2\/comments?post=2"}],"version-history":[{"count":10,"href":"https:\/\/field-good.org\/index.php\/wp-json\/wp\/v2\/pages\/2\/revisions"}],"predecessor-version":[{"id":210,"href":"https:\/\/field-good.org\/index.php\/wp-json\/wp\/v2\/pages\/2\/revisions\/210"}],"wp:attachment":[{"href":"https:\/\/field-good.org\/index.php\/wp-json\/wp\/v2\/media?parent=2"}],"curies":[{"name":"wp","href":"https:\/\/api.w.org\/{rel}","templated":true}]}}